{"id":6867,"date":"2025-05-14T08:55:55","date_gmt":"2025-05-14T11:55:55","guid":{"rendered":"https:\/\/cittaofficemall.com.br\/site\/?page_id=6867"},"modified":"2026-02-25T18:06:43","modified_gmt":"2026-02-25T21:06:43","slug":"teatro-citta","status":"publish","type":"page","link":"https:\/\/cittaofficemall.com.br\/site\/teatro-citta\/","title":{"rendered":"TEATRO CITT\u00c0"},"content":{"rendered":"<div class=\"wpb-content-wrapper\"><p>[vc_row full_width=&#8221;stretch_row_content_no_spaces&#8221; css=&#8221;.vc_custom_1749135918873{margin-top: 0px !important;margin-bottom: 0px !important;border-top-width: 0px !important;border-bottom-width: 0px !important;padding-top: 0px !important;padding-bottom: 0px !important;}&#8221; el_id=&#8221;proximos_eventos&#8221;][vc_column css=&#8221;.vc_custom_1749137439455{margin-top: 0px !important;margin-bottom: 0px !important;border-top-width: 0px !important;border-bottom-width: 0px !important;padding-top: 0px !important;padding-bottom: 0px !important;}&#8221; offset=&#8221;vc_col-xs-12 vc_hidden-xs&#8221;][vc_single_image image=&#8221;6877&#8243; img_size=&#8221;full&#8221; alignment=&#8221;center&#8221; css=&#8221;.vc_custom_1747235218630{margin-top: 0px !important;margin-bottom: 0px !important;border-top-width: 0px !important;border-bottom-width: 0px !important;padding-top: 0px !important;padding-bottom: 0px !important;}&#8221;][\/vc_column][\/vc_row][vc_row full_width=&#8221;stretch_row_content&#8221; css=&#8221;.vc_custom_1749137656258{margin: 0px !important;padding: 0px !important;border: 0px initial !important;}&#8221;][vc_column offset=&#8221;vc_hidden-lg vc_hidden-md vc_col-sm-offset-0 vc_hidden-sm&#8221; css=&#8221;.vc_custom_1749137778297{margin-top: 0px !important;margin-right: 0px !important;margin-bottom: 60px !important;margin-left: 0px !important;padding-top: 0px !important;padding-right: 0px !important;padding-bottom: 0px !important;padding-left: 0px !important;}&#8221;][vc_single_image image=&#8221;6854&#8243; img_size=&#8221;460&#215;260&#8243; alignment=&#8221;center&#8221; css=&#8221;.vc_custom_1749137719559{margin-top: 0px !important;margin-right: 0px !important;margin-bottom: 0px !important;margin-left: 0px !important;padding-top: 0px !important;padding-right: 0px !important;padding-bottom: 0px !important;padding-left: 0px !important;}&#8221;][\/vc_column][\/vc_row][vc_row disable_element=&#8221;yes&#8221; css=&#8221;.vc_custom_1771513951693{padding-right: 10px !important;padding-left: 10px !important;}&#8221;][vc_column][vc_column_text css=&#8221;&#8221;]<\/p>\n<h1 style=\"text-align: left;\"><strong><span style=\"color: #333333;\">Programa\u00e7\u00e3o <\/span><span style=\"color: #333333;\"><span style=\"color: #fa6161;\">Janeiro e Fevereiro<\/span><\/span><\/strong><\/h1>\n<p>[\/vc_column_text][vc_btn title=&#8221;<b>CONFIRA A PROGRAMA\u00c7\u00c3O COMPLETA NO SITE OFICIAL DO TEATRO<\/b>&#8221; style=&#8221;outline&#8221; shape=&#8221;round&#8221; color=&#8221;danger&#8221; align=&#8221;left&#8221; i_icon_fontawesome=&#8221;fa fa-solid fa-braille&#8221; css=&#8221;&#8221; add_icon=&#8221;true&#8221; link=&#8221;url:https%3A%2F%2Fteatroopuscitta.com.br%2Fprogramacao-e-ingressos|title:Contato%20%E2%80%93%20Centro%20de%20Eventos|target:_blank&#8221;][vc_separator border_width=&#8221;2&#8243; css=&#8221;&#8221;][vc_column_text css=&#8221;&#8221;]<div class=\"mec-wrap mec-skin-grid-container  \" id=\"mec_skin_7302\">\r\n\r\n    \r\n        <div class=\"mec-skin-grid-events-container\" id=\"mec_skin_events_7302\">\r\n        Nenhum evento encontrado!    <\/div>\r\n    \r\n    \r\n<\/div>\r\n[\/vc_column_text][\/vc_column][\/vc_row][vc_row full_width=&#8221;stretch_row&#8221; css=&#8221;.vc_custom_1771513990551{margin-bottom: 0px !important;border-bottom-width: 0px !important;padding-bottom: 0px !important;}&#8221;][vc_column width=&#8221;2\/3&#8243;][vc_gallery interval=&#8221;3&#8243; images=&#8221;7232,7233,7234,7235,7236,7237&#8243; img_size=&#8221;800X450&#8243; css=&#8221;&#8221;][\/vc_column][vc_column width=&#8221;1\/3&#8243;][vc_column_text css=&#8221;.vc_custom_1772052349987{padding-right: 10px !important;padding-left: 10px !important;}&#8221;]<\/p>\n<h2><strong><span style=\"color: #405963;\">O Teatro Citt\u00e0 \u00e9 mais do que um lugar para assistir a espet\u00e1culos<\/span><\/strong><\/h2>\n<p>Aqui, a cultura ganha um novo palco, repleto de possibilidades para quem busca experi\u00eancias inesquec\u00edveis e emocionantes.[\/vc_column_text][\/vc_column][\/vc_row][vc_row css=&#8221;.vc_custom_1749138115859{padding-top: 0px !important;}&#8221;][vc_column][vc_row_inner gap=&#8221;20&#8243; css=&#8221;.vc_custom_1749138201518{padding-right: 20px !important;padding-left: 20px !important;}&#8221;][vc_column_inner width=&#8221;1\/3&#8243; css=&#8221;.vc_custom_1747357614400{padding-top: 30px !important;padding-right: 30px !important;padding-bottom: 30px !important;padding-left: 30px !important;background-color: #E7E7E7 !important;border-radius: 15px !important;}&#8221;][vc_single_image image=&#8221;6949&#8243; img_size=&#8221;500&#215;500&#8243; alignment=&#8221;center&#8221; css=&#8221;.vc_custom_1747357538303{margin-top: 0px !important;margin-bottom: 0px !important;border-top-width: 0px !important;border-bottom-width: 0px !important;padding-top: 0px !important;padding-bottom: 20px !important;}&#8221;][vc_column_text css=&#8221;.vc_custom_1747355241058{margin-top: 0px !important;margin-bottom: 0px !important;border-top-width: 0px !important;border-bottom-width: 0px !important;padding-top: 0px !important;padding-bottom: 0px !important;}&#8221;]<\/p>\n<p style=\"text-align: center;\"><strong><span style=\"color: #405963;\">5mil m\u00b2 de \u00e1rea constru\u00edda<\/span><span style=\"color: #333333;\"><br \/>\n<\/span><\/strong><span style=\"color: #333333;\">Um dos maiores teatros do Brasil<\/span><\/p>\n<p>[\/vc_column_text][\/vc_column_inner][vc_column_inner width=&#8221;1\/3&#8243; css=&#8221;.vc_custom_1747357603980{padding-top: 30px !important;padding-right: 30px !important;padding-bottom: 30px !important;padding-left: 30px !important;background-color: #E7E7E7 !important;border-radius: 15px !important;}&#8221;][vc_single_image image=&#8221;6951&#8243; img_size=&#8221;500&#215;500&#8243; alignment=&#8221;center&#8221; css=&#8221;.vc_custom_1747357547357{margin-top: 0px !important;margin-bottom: 0px !important;border-top-width: 0px !important;border-bottom-width: 0px !important;padding-top: 0px !important;padding-bottom: 20px !important;}&#8221;][vc_column_text css=&#8221;.vc_custom_1747830454207{margin-top: 0px !important;margin-bottom: 0px !important;border-top-width: 0px !important;border-bottom-width: 0px !important;padding-top: 0px !important;padding-bottom: 0px !important;}&#8221;]<\/p>\n<p style=\"text-align: center;\"><strong><span style=\"color: #405963;\">Palco com 400m\u00b2<\/span><span style=\"color: #333333;\"><br \/>\n<\/span><\/strong>Para eventos de grande porte<\/p>\n<p>[\/vc_column_text][\/vc_column_inner][vc_column_inner width=&#8221;1\/3&#8243; css=&#8221;.vc_custom_1747357580440{padding-top: 30px !important;padding-right: 30px !important;padding-bottom: 30px !important;padding-left: 30px !important;background-color: #E7E7E7 !important;border-radius: 15px !important;}&#8221;][vc_single_image image=&#8221;6950&#8243; img_size=&#8221;500&#215;500&#8243; alignment=&#8221;center&#8221; css=&#8221;.vc_custom_1747357558871{margin-top: 0px !important;margin-bottom: 0px !important;border-top-width: 0px !important;border-bottom-width: 0px !important;padding-top: 0px !important;padding-bottom: 20px !important;}&#8221;][vc_column_text css=&#8221;.vc_custom_1747830493927{margin-top: 0px !important;margin-bottom: 0px !important;border-top-width: 0px !important;border-bottom-width: 0px !important;padding-top: 0px !important;padding-bottom: 0px !important;}&#8221;]<\/p>\n<p style=\"text-align: center;\"><strong><span style=\"color: #405963;\">Capacidade para at\u00e9 3mil pessoas<\/span><span style=\"color: #333333;\"><br \/>\n<\/span><\/strong><span style=\"color: #333333;\">Em espet\u00e1culos no formato pista<\/span><\/p>\n<p>[\/vc_column_text][\/vc_column_inner][\/vc_row_inner][\/vc_column][\/vc_row][vc_row full_width=&#8221;stretch_row&#8221; disable_element=&#8221;yes&#8221; bg_type=&#8221;bg_color&#8221; bg_color_value=&#8221;#212529&#8243; css=&#8221;.vc_custom_1772052825909{padding-top: 60px !important;padding-bottom: 60px !important;background-color: #212529 !important;}&#8221;][vc_column][vc_column_text css=&#8221;&#8221;]<\/p>\n<h2 style=\"text-align: center;\"><span style=\"color: #ffffff;\">Fique ligado nas Redes Sociais <span style=\"color: #ffffff;\">do\u00a0<strong>Teatro Citt\u00e0<\/strong><\/span><\/span><\/h2>\n<p>[\/vc_column_text][vc_column_text css=&#8221;&#8221;]<\/p>\n<p><center><a href=\"https:\/\/instagram.com\/teatroopuscitta\/\" target=\"_blank\" rel=\"noopener\"><img decoding=\"async\" class=\"alignnone wp-image-7222 size-full\" src=\"https:\/\/cittaofficemall.com.br\/site\/wp-content\/uploads\/2025\/08\/instagram.svg\" alt=\"\" width=\"26\" height=\"26\" \/><\/a>\u00a0\u00a0\u00a0\u00a0\u00a0<a href=\"https:\/\/facebook.com\/teatroopuscitta\" target=\"_blank\" rel=\"noopener\"><img decoding=\"async\" class=\"alignnone wp-image-7221 size-full\" src=\"https:\/\/cittaofficemall.com.br\/site\/wp-content\/uploads\/2025\/08\/facebook.svg\" alt=\"\" width=\"13\" height=\"26\" \/><\/a><\/center>[\/vc_column_text][\/vc_column][\/vc_row]<\/p>\n<\/div>","protected":false},"excerpt":{"rendered":"<p>[vc_row full_width=&#8221;stretch_row_content_no_spaces&#8221; css=&#8221;.vc_custom_1749135918873{margin-top: 0px !important;margin-bottom: 0px !important;border-top-width: 0px !important;border-bottom-width: 0px !important;padding-top: 0px !important;padding-bottom: 0px !important;}&#8221; el_id=&#8221;proximos_eventos&#8221;][vc_column css=&#8221;.vc_custom_1749137439455{margin-top: 0px !important;margin-bottom: 0px !important;border-top-width: 0px !important;border-bottom-width: 0px !important;padding-top: 0px !important;padding-bottom: 0px !important;}&#8221; offset=&#8221;vc_col-xs-12 vc_hidden-xs&#8221;][vc_single_image image=&#8221;6877&#8243; img_size=&#8221;full&#8221; alignment=&#8221;center&#8221; css=&#8221;.vc_custom_1747235218630{margin-top: 0px !important;margin-bottom: 0px !important;border-top-width: 0px !important;border-bottom-width: 0px !important;padding-top: 0px !important;padding-bottom: 0px !important;}&#8221;][\/vc_column][\/vc_row][vc_row full_width=&#8221;stretch_row_content&#8221; css=&#8221;.vc_custom_1749137656258{margin: 0px !important;padding: 0px !important;border: 0px initial [&hellip;]<\/p>\n","protected":false},"author":1,"featured_media":0,"parent":0,"menu_order":0,"comment_status":"closed","ping_status":"closed","template":"","meta":{"footnotes":""},"class_list":["post-6867","page","type-page","status-publish","hentry"],"_links":{"self":[{"href":"https:\/\/cittaofficemall.com.br\/site\/wp-json\/wp\/v2\/pages\/6867","targetHints":{"allow":["GET"]}}],"collection":[{"href":"https:\/\/cittaofficemall.com.br\/site\/wp-json\/wp\/v2\/pages"}],"about":[{"href":"https:\/\/cittaofficemall.com.br\/site\/wp-json\/wp\/v2\/types\/page"}],"author":[{"embeddable":true,"href":"https:\/\/cittaofficemall.com.br\/site\/wp-json\/wp\/v2\/users\/1"}],"replies":[{"embeddable":true,"href":"https:\/\/cittaofficemall.com.br\/site\/wp-json\/wp\/v2\/comments?post=6867"}],"version-history":[{"count":213,"href":"https:\/\/cittaofficemall.com.br\/site\/wp-json\/wp\/v2\/pages\/6867\/revisions"}],"predecessor-version":[{"id":7467,"href":"https:\/\/cittaofficemall.com.br\/site\/wp-json\/wp\/v2\/pages\/6867\/revisions\/7467"}],"wp:attachment":[{"href":"https:\/\/cittaofficemall.com.br\/site\/wp-json\/wp\/v2\/media?parent=6867"}],"curies":[{"name":"wp","href":"https:\/\/api.w.org\/{rel}","templated":true}]}}