{"id":6747,"date":"2025-01-27T12:39:55","date_gmt":"2025-01-27T15:39:55","guid":{"rendered":"https:\/\/cittaofficemall.com.br\/site\/?page_id=6747"},"modified":"2025-01-30T11:30:29","modified_gmt":"2025-01-30T14:30:29","slug":"office-2","status":"publish","type":"page","link":"https:\/\/cittaofficemall.com.br\/site\/office-2\/","title":{"rendered":"OFFICE [2]"},"content":{"rendered":"<div class=\"wpb-content-wrapper\"><p>[vc_row full_width=&#8221;stretch_row&#8221; disable_element=&#8221;yes&#8221; css=&#8221;.vc_custom_1737472358671{padding-top: 50px !important;background-color: #FFFFFF !important;}&#8221;][vc_column css=&#8221;.vc_custom_1737471670459{margin-top: 0px !important;margin-bottom: 0px !important;border-top-width: 0px !important;border-bottom-width: 0px !important;padding-top: 0px !important;padding-bottom: 0px !important;}&#8221;][vc_column_text css=&#8221;.vc_custom_1565124234889{padding-right: 10px !important;padding-left: 10px !important;}&#8221;]<\/p>\n<h1>Office<\/h1>\n<p style=\"font-size: 14px;\">O Centro Empresarial do Citt\u00e0, o Office, \u00e9 um dos mais modernos e funcionais do Rio de Janeiro. Num espa\u00e7o arborizado, o Office conta com 6 blocos de 3 andares, com salas capazes de atender profissionais liberais e empresas de grande porte, como Michelin, Globo.com, Cisco do Brasil e Grupo Sendas, entre outras. Um s\u00e9timo bloco conjuga a empresa My Office (empresa de co-working) e o Centro de Eventos.<\/p>\n<p style=\"font-size: 14px;\">Para a comodidade de seus clientes, o shopping conta com amplo estacionamento em \u00e1rea livre e coberta, com mais de 2 mil vagas. O usu\u00e1rio e cliente Citt\u00e0, ainda pode aproveitar seus momentos de intervalo para relaxar nos jardins do Office, onde foram criadas pra\u00e7as de conviv\u00eancia, com bancos no meio das \u00e1rvores. O lugar ainda oferece algumas atividades de bem-estar, como Tai Chi Chuan e Reiki e \u00e9 palco de alguns eventos do shopping em alguns finais de semana.<\/p>\n<p style=\"font-size: 14px;\">Utilize os filtros abaixo para encontrar a empresa ou profissional que voc\u00ea est\u00e1 procurando.<\/p>\n<p>[\/vc_column_text][\/vc_column][\/vc_row][vc_row][vc_column][vc_empty_space height=&#8221;80px&#8221;][vc_column_text css=&#8221;.vc_custom_1738176534796{padding-right: 10px !important;padding-left: 10px !important;}&#8221;]<\/p>\n<h1 style=\"text-align: center;\"><strong>CONHE\u00c7A AS NOSSAS EMPRESAS<\/strong><\/h1>\n<p>[\/vc_column_text][vc_column_text css=&#8221;.vc_custom_1738247427107{margin-bottom: -50px !important;border-bottom-width: 0px !important;padding-right: 10px !important;padding-bottom: 0px !important;padding-left: 10px !important;}&#8221;]<\/p>\n<h4 style=\"text-align: center;\">O Centro Empresarial do Citt\u00e0 \u00e9 um dos mais modernos e funcionais do Rio de Janeiro, oferecendo um ambiente arborizado e agrad\u00e1vel, com amplas salas para empresas e profissionais, al\u00e9m de espa\u00e7os de conviv\u00eancia e bem-estar.<\/h4>\n<p>[\/vc_column_text][vc_column_text css=&#8221;.vc_custom_1738247351702{margin-top: 0px !important;margin-bottom: 35px !important;border-top-width: 0px !important;border-bottom-width: 0px !important;padding-top: 0px !important;padding-bottom: 0px !important;}&#8221;][\/vc_column_text][vc_mad_listing_categories columns=&#8221;4&#8243; number_of_items=&#8221;16&#8243; order=&#8221;DESC&#8221; categories=&#8221;entretenimento-e-marketing,consultoria-e-rh,construcao-e-engenharia,beleza-e-bem-estar,diversos-office,advocacia-office,administracao-e-contabilidade,financeiro,importacao-e-exportacao,informatica-office,saude,seguro,viagens-e-turismo,assessoria,alimentacao-office,agenciamento&#8221;][vc_empty_space height=&#8221;20px&#8221;][vc_empty_space height=&#8221;60px&#8221;][\/vc_column][\/vc_row]<\/p>\n<\/div>","protected":false},"excerpt":{"rendered":"<p>[vc_row full_width=&#8221;stretch_row&#8221; disable_element=&#8221;yes&#8221; css=&#8221;.vc_custom_1737472358671{padding-top: 50px !important;background-color: #FFFFFF !important;}&#8221;][vc_column css=&#8221;.vc_custom_1737471670459{margin-top: 0px !important;margin-bottom: 0px !important;border-top-width: 0px !important;border-bottom-width: 0px !important;padding-top: 0px !important;padding-bottom: 0px !important;}&#8221;][vc_column_text css=&#8221;.vc_custom_1565124234889{padding-right: 10px !important;padding-left: 10px !important;}&#8221;] Office O Centro Empresarial do Citt\u00e0, o Office, \u00e9 um dos mais modernos e funcionais do Rio de Janeiro. Num espa\u00e7o arborizado, o Office conta com 6 blocos de [&hellip;]<\/p>\n","protected":false},"author":1,"featured_media":3765,"parent":0,"menu_order":0,"comment_status":"closed","ping_status":"closed","template":"","meta":{"footnotes":""},"class_list":["post-6747","page","type-page","status-publish","has-post-thumbnail","hentry"],"_links":{"self":[{"href":"https:\/\/cittaofficemall.com.br\/site\/wp-json\/wp\/v2\/pages\/6747","targetHints":{"allow":["GET"]}}],"collection":[{"href":"https:\/\/cittaofficemall.com.br\/site\/wp-json\/wp\/v2\/pages"}],"about":[{"href":"https:\/\/cittaofficemall.com.br\/site\/wp-json\/wp\/v2\/types\/page"}],"author":[{"embeddable":true,"href":"https:\/\/cittaofficemall.com.br\/site\/wp-json\/wp\/v2\/users\/1"}],"replies":[{"embeddable":true,"href":"https:\/\/cittaofficemall.com.br\/site\/wp-json\/wp\/v2\/comments?post=6747"}],"version-history":[{"count":22,"href":"https:\/\/cittaofficemall.com.br\/site\/wp-json\/wp\/v2\/pages\/6747\/revisions"}],"predecessor-version":[{"id":6798,"href":"https:\/\/cittaofficemall.com.br\/site\/wp-json\/wp\/v2\/pages\/6747\/revisions\/6798"}],"wp:featuredmedia":[{"embeddable":true,"href":"https:\/\/cittaofficemall.com.br\/site\/wp-json\/wp\/v2\/media\/3765"}],"wp:attachment":[{"href":"https:\/\/cittaofficemall.com.br\/site\/wp-json\/wp\/v2\/media?parent=6747"}],"curies":[{"name":"wp","href":"https:\/\/api.w.org\/{rel}","templated":true}]}}