{"id":1789,"date":"2017-03-25T22:35:00","date_gmt":"2017-03-25T22:35:00","guid":{"rendered":"https:\/\/velikorodnov.com\/wordpress\/knowhere\/demo1\/?page_id=1789"},"modified":"2019-06-10T13:12:54","modified_gmt":"2019-06-10T16:12:54","slug":"resultado","status":"publish","type":"page","link":"https:\/\/cittaofficemall.com.br\/site\/resultado\/","title":{"rendered":"Resultado"},"content":{"rendered":"<div class=\"wpb-content-wrapper\"><p>[vc_row full_width=&#8221;stretch_row_content&#8221; css=&#8221;.vc_custom_1560182147471{background-color: #ebe3dd !important;}&#8221;][vc_column width=&#8221;1\/6&#8243;][\/vc_column][vc_column width=&#8221;2\/3&#8243;][vc_column_text]<div class=\"job_listings\" data-location=\"\" data-keywords=\"\" data-show_filters=\"true\" data-show_pagination=\"false\" data-per_page=\"20\" data-orderby=\"title\" data-order=\"DESC\" data-categories=\"\" data-disable-form-state-storage=\"\" data-featured_first=\"false\" data-post_id=\"1789\" ><div class=\"kw-flex-holder kw-listings kw-top-position pin-style-default map-position-right kw-type-1 kw-grid-view kw-cols-3 kw-without-map\">\n\n\t\n\t\n\t\n\t\n\t<div class=\"kw-finder-filters\">\n\n\t\t<div class=\"job-controls-top\">\n\n\t\t\t<h4 class=\"job-filters-title\">Filters<\/h4>\n\n\t\t\t<div class=\"job-filters-showing\">\n\t\t\t\t<div class=\"showing_jobs\"><\/div>\n\t\t\t<\/div>\n\n\t\t<\/div><!--\/ .job-controls-top-->\n\n\t\t<form class=\"job_filters\">\n\n\t\t\t\n\t\t\t\n\t\t\t\t<div class=\"search_jobs knowhere-has-show-location\">\n\n\t\t\t\t\t\n\t\t\t\t\t\n\t\t\t\t\t<!-- altera\u00e7\u00e3o do placeholder para fixar a palavra cahve buscada no campo de busca -->\n\t\t\t\t\t<div class=\"search_keywords\">\n\t\t\t\t\t\t<label for=\"search_keywords\">Keywords<\/label>\n\t\t\t\t\t\t<input type=\"text\" name=\"search_keywords\" id=\"search_keywords\" placeholder=\"Keywords\" value=\"\" \/>\n\t\t\t\t\t<\/div>\n\n\t\t\t\t\t\n\t\t\t\t\t\t\n\t\t\t\t\t\t\t<!-- <div class=\"search_location\">\n\t\t\t\t\t\t\t\t<label for=\"search_location\"><\/label>\n\t\t\t\t\t\t\t\t<input type=\"text\" name=\"search_location\" id=\"search_location\" placeholder=\"\" value=\"\" \/>\n\t\t\t\t\t\t\t<\/div> -->\n\n\t\t\t\t\t\t\n\t\t\t\t\t\n\t\t\t\t\t\n\t\t\t\t\t\t<div class=\"search_categories\">\n\n\t\t\t\t\t\t\t<label for=\"search_categories\">Categories<\/label>\n\n\t\t\t\t\t\t\t\t\t\t\t\t\t\t\t<select name='search_categories[]' id='search_categories' class='job-manager-dropdown ' multiple='multiple' data-placeholder='Escolha uma categoria&hellip;' data-no_results_text='Nenhum resultado' data-multiple_text='Selecione algumas op\u00e7\u00f5es'>\n\t<option class=\"level-0\" value=\"427\">Arte<\/option>\n\t<option class=\"level-0\" value=\"415\">Banco<\/option>\n\t<option class=\"level-0\" value=\"392\">Citta Lojas<\/option>\n\t<option class=\"level-1\" value=\"277\">&nbsp;&nbsp;&nbsp;Alimenta\u00e7\u00e3o<\/option>\n\t<option class=\"level-2\" value=\"292\">&nbsp;&nbsp;&nbsp;&nbsp;&nbsp;&nbsp;Bar<\/option>\n\t<option class=\"level-2\" value=\"293\">&nbsp;&nbsp;&nbsp;&nbsp;&nbsp;&nbsp;Caf\u00e9s<\/option>\n\t<option class=\"level-2\" value=\"300\">&nbsp;&nbsp;&nbsp;&nbsp;&nbsp;&nbsp;Docerias\/Bomboni\u00e8re<\/option>\n\t<option class=\"level-2\" value=\"297\">&nbsp;&nbsp;&nbsp;&nbsp;&nbsp;&nbsp;Fast Food<\/option>\n\t<option class=\"level-2\" value=\"294\">&nbsp;&nbsp;&nbsp;&nbsp;&nbsp;&nbsp;Lanchonetes<\/option>\n\t<option class=\"level-2\" value=\"295\">&nbsp;&nbsp;&nbsp;&nbsp;&nbsp;&nbsp;Loja de Conveni\u00eancia<\/option>\n\t<option class=\"level-2\" value=\"298\">&nbsp;&nbsp;&nbsp;&nbsp;&nbsp;&nbsp;Naturais e Diet<\/option>\n\t<option class=\"level-2\" value=\"299\">&nbsp;&nbsp;&nbsp;&nbsp;&nbsp;&nbsp;Restaurantes<\/option>\n\t<option class=\"level-2\" value=\"296\">&nbsp;&nbsp;&nbsp;&nbsp;&nbsp;&nbsp;Sorveteria<\/option>\n\t<option class=\"level-2\" value=\"301\">&nbsp;&nbsp;&nbsp;&nbsp;&nbsp;&nbsp;Suplementos<\/option>\n\t<option class=\"level-1\" value=\"278\">&nbsp;&nbsp;&nbsp;Arte<\/option>\n\t<option class=\"level-1\" value=\"459\">&nbsp;&nbsp;&nbsp;Assessoria<\/option>\n\t<option class=\"level-1\" value=\"457\">&nbsp;&nbsp;&nbsp;Assessoria de Tr\u00e2nsito<\/option>\n\t<option class=\"level-1\" value=\"324\">&nbsp;&nbsp;&nbsp;Astrologia<\/option>\n\t<option class=\"level-1\" value=\"458\">&nbsp;&nbsp;&nbsp;Auto Escola<\/option>\n\t<option class=\"level-1\" value=\"279\">&nbsp;&nbsp;&nbsp;Bares<\/option>\n\t<option class=\"level-1\" value=\"280\">&nbsp;&nbsp;&nbsp;Beleza<\/option>\n\t<option class=\"level-2\" value=\"302\">&nbsp;&nbsp;&nbsp;&nbsp;&nbsp;&nbsp;Barbearia<\/option>\n\t<option class=\"level-2\" value=\"303\">&nbsp;&nbsp;&nbsp;&nbsp;&nbsp;&nbsp;Cosm\u00e9ticos<\/option>\n\t<option class=\"level-2\" value=\"304\">&nbsp;&nbsp;&nbsp;&nbsp;&nbsp;&nbsp;Depila\u00e7\u00e3o<\/option>\n\t<option class=\"level-2\" value=\"305\">&nbsp;&nbsp;&nbsp;&nbsp;&nbsp;&nbsp;Est\u00e9tica<\/option>\n\t<option class=\"level-2\" value=\"306\">&nbsp;&nbsp;&nbsp;&nbsp;&nbsp;&nbsp;Podologia<\/option>\n\t<option class=\"level-2\" value=\"307\">&nbsp;&nbsp;&nbsp;&nbsp;&nbsp;&nbsp;Sal\u00e3o de Beleza<\/option>\n\t<option class=\"level-3\" value=\"456\">&nbsp;&nbsp;&nbsp;&nbsp;&nbsp;&nbsp;&nbsp;&nbsp;&nbsp;Infantil<\/option>\n\t<option class=\"level-1\" value=\"281\">&nbsp;&nbsp;&nbsp;Caf\u00e9s<\/option>\n\t<option class=\"level-1\" value=\"282\">&nbsp;&nbsp;&nbsp;Casa<\/option>\n\t<option class=\"level-2\" value=\"308\">&nbsp;&nbsp;&nbsp;&nbsp;&nbsp;&nbsp;Colch\u00f5es<\/option>\n\t<option class=\"level-2\" value=\"310\">&nbsp;&nbsp;&nbsp;&nbsp;&nbsp;&nbsp;Constru\u00e7\u00e3o e Reforma<\/option>\n\t<option class=\"level-2\" value=\"309\">&nbsp;&nbsp;&nbsp;&nbsp;&nbsp;&nbsp;Moveis e Decora\u00e7\u00e3o<\/option>\n\t<option class=\"level-1\" value=\"283\">&nbsp;&nbsp;&nbsp;Cursos e Treinamentos<\/option>\n\t<option class=\"level-2\" value=\"311\">&nbsp;&nbsp;&nbsp;&nbsp;&nbsp;&nbsp;Artesanato<\/option>\n\t<option class=\"level-2\" value=\"312\">&nbsp;&nbsp;&nbsp;&nbsp;&nbsp;&nbsp;Aula de canto<\/option>\n\t<option class=\"level-2\" value=\"313\">&nbsp;&nbsp;&nbsp;&nbsp;&nbsp;&nbsp;Centro de Treinamento de CAD<\/option>\n\t<option class=\"level-2\" value=\"314\">&nbsp;&nbsp;&nbsp;&nbsp;&nbsp;&nbsp;Cursos de idiomas<\/option>\n\t<option class=\"level-1\" value=\"315\">&nbsp;&nbsp;&nbsp;Empresas<\/option>\n\t<option class=\"level-2\" value=\"316\">&nbsp;&nbsp;&nbsp;&nbsp;&nbsp;&nbsp;Administrativo<\/option>\n\t<option class=\"level-2\" value=\"317\">&nbsp;&nbsp;&nbsp;&nbsp;&nbsp;&nbsp;Diversos<\/option>\n\t<option class=\"level-2\" value=\"318\">&nbsp;&nbsp;&nbsp;&nbsp;&nbsp;&nbsp;Engenharia, Arquitetura e Constru\u00e7\u00e3o<\/option>\n\t<option class=\"level-2\" value=\"319\">&nbsp;&nbsp;&nbsp;&nbsp;&nbsp;&nbsp;Marketing<\/option>\n\t<option class=\"level-2\" value=\"320\">&nbsp;&nbsp;&nbsp;&nbsp;&nbsp;&nbsp;Telecomunica\u00e7\u00f5es<\/option>\n\t<option class=\"level-1\" value=\"284\">&nbsp;&nbsp;&nbsp;Esporte<\/option>\n\t<option class=\"level-2\" value=\"382\">&nbsp;&nbsp;&nbsp;&nbsp;&nbsp;&nbsp;Academia<\/option>\n\t<option class=\"level-2\" value=\"323\">&nbsp;&nbsp;&nbsp;&nbsp;&nbsp;&nbsp;Bicicletas El\u00e9tricas<\/option>\n\t<option class=\"level-2\" value=\"321\">&nbsp;&nbsp;&nbsp;&nbsp;&nbsp;&nbsp;Moda Praia\/Esportiva<\/option>\n\t<option class=\"level-2\" value=\"322\">&nbsp;&nbsp;&nbsp;&nbsp;&nbsp;&nbsp;Motos<\/option>\n\t<option class=\"level-1\" value=\"286\">&nbsp;&nbsp;&nbsp;Infantil<\/option>\n\t<option class=\"level-2\" value=\"325\">&nbsp;&nbsp;&nbsp;&nbsp;&nbsp;&nbsp;Brinquedos educativos<\/option>\n\t<option class=\"level-2\" value=\"326\">&nbsp;&nbsp;&nbsp;&nbsp;&nbsp;&nbsp;Moda Infantil<\/option>\n\t<option class=\"level-1\" value=\"287\">&nbsp;&nbsp;&nbsp;Lojas<\/option>\n\t<option class=\"level-2\" value=\"332\">&nbsp;&nbsp;&nbsp;&nbsp;&nbsp;&nbsp;Artesanato<\/option>\n\t<option class=\"level-2\" value=\"333\">&nbsp;&nbsp;&nbsp;&nbsp;&nbsp;&nbsp;Celular e acess\u00f3rios<\/option>\n\t<option class=\"level-2\" value=\"331\">&nbsp;&nbsp;&nbsp;&nbsp;&nbsp;&nbsp;Docerias\/Bomboni\u00e8re<\/option>\n\t<option class=\"level-2\" value=\"329\">&nbsp;&nbsp;&nbsp;&nbsp;&nbsp;&nbsp;Instrumentos musicais<\/option>\n\t<option class=\"level-2\" value=\"327\">&nbsp;&nbsp;&nbsp;&nbsp;&nbsp;&nbsp;\u00d3tica<\/option>\n\t<option class=\"level-2\" value=\"328\">&nbsp;&nbsp;&nbsp;&nbsp;&nbsp;&nbsp;Papelaria<\/option>\n\t<option class=\"level-2\" value=\"330\">&nbsp;&nbsp;&nbsp;&nbsp;&nbsp;&nbsp;Uniformes<\/option>\n\t<option class=\"level-1\" value=\"288\">&nbsp;&nbsp;&nbsp;Moda<\/option>\n\t<option class=\"level-2\" value=\"334\">&nbsp;&nbsp;&nbsp;&nbsp;&nbsp;&nbsp;Cal\u00e7ados, bolsas e acess\u00f3rios<\/option>\n\t<option class=\"level-2\" value=\"335\">&nbsp;&nbsp;&nbsp;&nbsp;&nbsp;&nbsp;J\u00f3ias e Bijuterias<\/option>\n\t<option class=\"level-2\" value=\"336\">&nbsp;&nbsp;&nbsp;&nbsp;&nbsp;&nbsp;Moda feminina<\/option>\n\t<option class=\"level-2\" value=\"337\">&nbsp;&nbsp;&nbsp;&nbsp;&nbsp;&nbsp;Moda \u00edntima<\/option>\n\t<option class=\"level-2\" value=\"338\">&nbsp;&nbsp;&nbsp;&nbsp;&nbsp;&nbsp;Moda masculina<\/option>\n\t<option class=\"level-2\" value=\"339\">&nbsp;&nbsp;&nbsp;&nbsp;&nbsp;&nbsp;Moda unissex<\/option>\n\t<option class=\"level-1\" value=\"289\">&nbsp;&nbsp;&nbsp;Pet<\/option>\n\t<option class=\"level-2\" value=\"340\">&nbsp;&nbsp;&nbsp;&nbsp;&nbsp;&nbsp;Petshop e veterin\u00e1ria<\/option>\n\t<option class=\"level-1\" value=\"464\">&nbsp;&nbsp;&nbsp;R\u00e1dio<\/option>\n\t<option class=\"level-1\" value=\"461\">&nbsp;&nbsp;&nbsp;Sa\u00fade<\/option>\n\t<option class=\"level-1\" value=\"290\">&nbsp;&nbsp;&nbsp;Sa\u00fade e Bem Estar<\/option>\n\t<option class=\"level-2\" value=\"452\">&nbsp;&nbsp;&nbsp;&nbsp;&nbsp;&nbsp;Acupuntura<\/option>\n\t<option class=\"level-2\" value=\"347\">&nbsp;&nbsp;&nbsp;&nbsp;&nbsp;&nbsp;Alegorlogista<\/option>\n\t<option class=\"level-2\" value=\"348\">&nbsp;&nbsp;&nbsp;&nbsp;&nbsp;&nbsp;Aparelhos auditivos<\/option>\n\t<option class=\"level-2\" value=\"346\">&nbsp;&nbsp;&nbsp;&nbsp;&nbsp;&nbsp;Cl\u00ednicas<\/option>\n\t<option class=\"level-2\" value=\"352\">&nbsp;&nbsp;&nbsp;&nbsp;&nbsp;&nbsp;Consult\u00f3rios<\/option>\n\t<option class=\"level-2\" value=\"342\">&nbsp;&nbsp;&nbsp;&nbsp;&nbsp;&nbsp;Est\u00e9tica<\/option>\n\t<option class=\"level-2\" value=\"343\">&nbsp;&nbsp;&nbsp;&nbsp;&nbsp;&nbsp;Farm\u00e1cia<\/option>\n\t<option class=\"level-2\" value=\"448\">&nbsp;&nbsp;&nbsp;&nbsp;&nbsp;&nbsp;Fisiatria<\/option>\n\t<option class=\"level-2\" value=\"451\">&nbsp;&nbsp;&nbsp;&nbsp;&nbsp;&nbsp;Fisioterapia<\/option>\n\t<option class=\"level-2\" value=\"384\">&nbsp;&nbsp;&nbsp;&nbsp;&nbsp;&nbsp;Ginecologia<\/option>\n\t<option class=\"level-2\" value=\"344\">&nbsp;&nbsp;&nbsp;&nbsp;&nbsp;&nbsp;Manipula\u00e7\u00e3o e homeopatia<\/option>\n\t<option class=\"level-2\" value=\"353\">&nbsp;&nbsp;&nbsp;&nbsp;&nbsp;&nbsp;Material hospitalar\/ortop\u00e9dicos<\/option>\n\t<option class=\"level-2\" value=\"386\">&nbsp;&nbsp;&nbsp;&nbsp;&nbsp;&nbsp;Nutricionista<\/option>\n\t<option class=\"level-2\" value=\"383\">&nbsp;&nbsp;&nbsp;&nbsp;&nbsp;&nbsp;Odontologia<\/option>\n\t<option class=\"level-2\" value=\"349\">&nbsp;&nbsp;&nbsp;&nbsp;&nbsp;&nbsp;Oftalmologia<\/option>\n\t<option class=\"level-2\" value=\"446\">&nbsp;&nbsp;&nbsp;&nbsp;&nbsp;&nbsp;Ortopedia<\/option>\n\t<option class=\"level-2\" value=\"345\">&nbsp;&nbsp;&nbsp;&nbsp;&nbsp;&nbsp;Pilates<\/option>\n\t<option class=\"level-2\" value=\"350\">&nbsp;&nbsp;&nbsp;&nbsp;&nbsp;&nbsp;Pneumologia<\/option>\n\t<option class=\"level-2\" value=\"455\">&nbsp;&nbsp;&nbsp;&nbsp;&nbsp;&nbsp;Programas de Reabilita\u00e7\u00e3o R\u00e1pida<\/option>\n\t<option class=\"level-2\" value=\"450\">&nbsp;&nbsp;&nbsp;&nbsp;&nbsp;&nbsp;Raios-x<\/option>\n\t<option class=\"level-2\" value=\"351\">&nbsp;&nbsp;&nbsp;&nbsp;&nbsp;&nbsp;Reabilita\u00e7\u00e3o<\/option>\n\t<option class=\"level-2\" value=\"454\">&nbsp;&nbsp;&nbsp;&nbsp;&nbsp;&nbsp;Reabilita\u00e7\u00e3o Perineal<\/option>\n\t<option class=\"level-2\" value=\"449\">&nbsp;&nbsp;&nbsp;&nbsp;&nbsp;&nbsp;Reumatologia<\/option>\n\t<option class=\"level-2\" value=\"453\">&nbsp;&nbsp;&nbsp;&nbsp;&nbsp;&nbsp;RPG<\/option>\n\t<option class=\"level-2\" value=\"341\">&nbsp;&nbsp;&nbsp;&nbsp;&nbsp;&nbsp;Suplementos<\/option>\n\t<option class=\"level-2\" value=\"447\">&nbsp;&nbsp;&nbsp;&nbsp;&nbsp;&nbsp;Urg\u00eancias<\/option>\n\t<option class=\"level-1\" value=\"445\">&nbsp;&nbsp;&nbsp;Servi\u00e7os<\/option>\n\t<option class=\"level-1\" value=\"460\">&nbsp;&nbsp;&nbsp;Winebar<\/option>\n\t<option class=\"level-0\" value=\"416\">Cursos Diversos<\/option>\n\t<option class=\"level-0\" value=\"417\">Educa\u00e7\u00e3o<\/option>\n\t<option class=\"level-0\" value=\"425\">entretenimento<\/option>\n\t<option class=\"level-0\" value=\"380\">Escrit\u00f3rio<\/option>\n\t<option class=\"level-1\" value=\"381\">&nbsp;&nbsp;&nbsp;Advocacia<\/option>\n\t<option class=\"level-0\" value=\"388\">Office<\/option>\n\t<option class=\"level-1\" value=\"408\">&nbsp;&nbsp;&nbsp;Administra\u00e7\u00e3o e Contabilidade<\/option>\n\t<option class=\"level-1\" value=\"436\">&nbsp;&nbsp;&nbsp;Administrativo<\/option>\n\t<option class=\"level-1\" value=\"409\">&nbsp;&nbsp;&nbsp;Advocacia<\/option>\n\t<option class=\"level-1\" value=\"395\">&nbsp;&nbsp;&nbsp;Agenciamento<\/option>\n\t<option class=\"level-1\" value=\"396\">&nbsp;&nbsp;&nbsp;Alimenta\u00e7\u00e3o<\/option>\n\t<option class=\"level-1\" value=\"397\">&nbsp;&nbsp;&nbsp;Assessoria<\/option>\n\t<option class=\"level-1\" value=\"398\">&nbsp;&nbsp;&nbsp;Beleza e bem estar<\/option>\n\t<option class=\"level-1\" value=\"418\">&nbsp;&nbsp;&nbsp;Comunica\u00e7\u00e3o<\/option>\n\t<option class=\"level-1\" value=\"399\">&nbsp;&nbsp;&nbsp;Constru\u00e7\u00e3o e Engenharia<\/option>\n\t<option class=\"level-1\" value=\"400\">&nbsp;&nbsp;&nbsp;Consultoria e RH<\/option>\n\t<option class=\"level-1\" value=\"407\">&nbsp;&nbsp;&nbsp;Diversos<\/option>\n\t<option class=\"level-1\" value=\"393\">&nbsp;&nbsp;&nbsp;Entretenimento e marketing<\/option>\n\t<option class=\"level-1\" value=\"401\">&nbsp;&nbsp;&nbsp;Financeiro<\/option>\n\t<option class=\"level-1\" value=\"403\">&nbsp;&nbsp;&nbsp;Importa\u00e7\u00e3o e Exporta\u00e7\u00e3o<\/option>\n\t<option class=\"level-1\" value=\"402\">&nbsp;&nbsp;&nbsp;Inform\u00e1tica<\/option>\n\t<option class=\"level-1\" value=\"424\">&nbsp;&nbsp;&nbsp;Marketing<\/option>\n\t<option class=\"level-1\" value=\"422\">&nbsp;&nbsp;&nbsp;Oftalmologia<\/option>\n\t<option class=\"level-1\" value=\"420\">&nbsp;&nbsp;&nbsp;Ortopedia<\/option>\n\t<option class=\"level-1\" value=\"421\">&nbsp;&nbsp;&nbsp;Psicologia e Psiquiatria<\/option>\n\t<option class=\"level-1\" value=\"404\">&nbsp;&nbsp;&nbsp;Sa\u00fade<\/option>\n\t<option class=\"level-1\" value=\"405\">&nbsp;&nbsp;&nbsp;Seguro<\/option>\n\t<option class=\"level-1\" value=\"406\">&nbsp;&nbsp;&nbsp;Viagens e Turismo<\/option>\n\t<option class=\"level-0\" value=\"419\">\u00d3leo e G\u00e1s<\/option>\n\t<option class=\"level-0\" value=\"291\">Servi\u00e7os<\/option>\n\t<option class=\"level-1\" value=\"354\">&nbsp;&nbsp;&nbsp;Artigos de festas<\/option>\n\t<option class=\"level-1\" value=\"360\">&nbsp;&nbsp;&nbsp;Assist\u00eancia t\u00e9cnica<\/option>\n\t<option class=\"level-1\" value=\"361\">&nbsp;&nbsp;&nbsp;Automotivo<\/option>\n\t<option class=\"level-1\" value=\"362\">&nbsp;&nbsp;&nbsp;Bordado<\/option>\n\t<option class=\"level-1\" value=\"364\">&nbsp;&nbsp;&nbsp;CAD<\/option>\n\t<option class=\"level-1\" value=\"363\">&nbsp;&nbsp;&nbsp;Cart\u00f3rio<\/option>\n\t<option class=\"level-1\" value=\"356\">&nbsp;&nbsp;&nbsp;Celular e acess\u00f3rios<\/option>\n\t<option class=\"level-1\" value=\"365\">&nbsp;&nbsp;&nbsp;Certifica\u00e7\u00e3o digital<\/option>\n\t<option class=\"level-1\" value=\"366\">&nbsp;&nbsp;&nbsp;Chaveiro e carimbo<\/option>\n\t<option class=\"level-1\" value=\"355\">&nbsp;&nbsp;&nbsp;Com\u00e9rcio<\/option>\n\t<option class=\"level-1\" value=\"367\">&nbsp;&nbsp;&nbsp;Consertos de cal\u00e7ados e roupas<\/option>\n\t<option class=\"level-1\" value=\"368\">&nbsp;&nbsp;&nbsp;Contabilidade<\/option>\n\t<option class=\"level-1\" value=\"369\">&nbsp;&nbsp;&nbsp;Entrega r\u00e1pida<\/option>\n\t<option class=\"level-1\" value=\"370\">&nbsp;&nbsp;&nbsp;Est\u00fadio de tatuagem<\/option>\n\t<option class=\"level-1\" value=\"385\">&nbsp;&nbsp;&nbsp;Floricultura<\/option>\n\t<option class=\"level-1\" value=\"357\">&nbsp;&nbsp;&nbsp;Foto e revela\u00e7\u00e3o<\/option>\n\t<option class=\"level-1\" value=\"372\">&nbsp;&nbsp;&nbsp;Gerenciamento de wi-fi<\/option>\n\t<option class=\"level-1\" value=\"371\">&nbsp;&nbsp;&nbsp;Gr\u00e1fica<\/option>\n\t<option class=\"level-1\" value=\"373\">&nbsp;&nbsp;&nbsp;Habilita\u00e7\u00e3o<\/option>\n\t<option class=\"level-1\" value=\"374\">&nbsp;&nbsp;&nbsp;Imobili\u00e1ria<\/option>\n\t<option class=\"level-1\" value=\"375\">&nbsp;&nbsp;&nbsp;Inform\u00e1tica<\/option>\n\t<option class=\"level-1\" value=\"376\">&nbsp;&nbsp;&nbsp;Lot\u00e9rica<\/option>\n\t<option class=\"level-1\" value=\"358\">&nbsp;&nbsp;&nbsp;Refrigera\u00e7\u00e3o<\/option>\n\t<option class=\"level-1\" value=\"359\">&nbsp;&nbsp;&nbsp;Seguros<\/option>\n\t<option class=\"level-1\" value=\"379\">&nbsp;&nbsp;&nbsp;Servi\u00e7os automotivos<\/option>\n\t<option class=\"level-1\" value=\"387\">&nbsp;&nbsp;&nbsp;Tabacaria<\/option>\n\t<option class=\"level-1\" value=\"378\">&nbsp;&nbsp;&nbsp;Ve\u00edculos<\/option>\n\t<option class=\"level-1\" value=\"377\">&nbsp;&nbsp;&nbsp;Viagem\/turismo\/interc\u00e2mbio<\/option>\n\t<option class=\"level-0\" value=\"426\">Tecnologia<\/option>\n<\/select>\n\t\t\t\t\t\t\t\n\t\t\t\t\t\t<\/div>\n\n\t\t\t\t\t\n\t\t\t\t\t\n\t\t\t\t\t\n\t\t\t\t\t\t\t\t\t\t\t\t\t\t\t\t\n\t\t\t\t\t\n\t\t\t\t\t<div class=\"clear\"><\/div>\n\n\t\t\t\t\t\t\t<!--<div class=\"search_radius\">\n\n\t\t\t<label for=\"use_search_radius\" class=\"search_radius_label\">Radius<\/label>\n\n\t\t\t<div class=\"search-radius-wrapper\">\n\n\t\t\t\t<div class=\"search-radius-label\">\n\t\t\t\t\t<label for=\"use_search_radius\">\n\t\t\t\t\t\t<input checked type=\"checkbox\" name=\"use_search_radius\" id=\"use_search_radius\" value=\"1\">\n\t\t\t\t\t\t<span class=\"radi_text\">Radius: <\/span><span class=\"radi\">50<\/span> km\t\t\t\t\t<\/label>\n\t\t\t\t<\/div>\n\n\t\t\t\t<div class=\"search-radius-slider\">\n\t\t\t\t\t<div class=\"radius-range-wrap\">\n\t\t\t\t\t\t<div id=\"radius-range-slider\"><\/div>\n\t\t\t\t\t<\/div>\n\t\t\t\t<\/div>\n\n\t\t\t\t<input type=\"hidden\" id=\"search_radius\" name=\"search_radius\" value=\"50\" \/>\n\t\t\t\t<input type=\"hidden\" id=\"search_lat\" name=\"search_lat\" value=\"0\" \/>\n\t\t\t\t<input type=\"hidden\" id=\"search_lng\" name=\"search_lng\" value=\"0\" \/>\n\n\t\t\t<\/div>\n\n\t\t<\/div>-->\n\t\n\t\t\t\t<\/div><!--\/ .search_jobs-->\n\n\t\t\t\t\n\n\n\n\n\n\n<div class=\"showing_jobs\"><\/div>\n\t\t\t<div class=\"kw-job-filters-controls-form\">\n\n\t\t\t\t<div class=\"kw-job-filters-results\"><div class=\"kw-results-count\"><\/div><\/div>\n\n\t\t\t\t<div class=\"kw-listings-controls-wrap\">\n\n\t\t\t\t\t\n\t\t\t<div class=\"kw-titled-select\">\n\n\t\t\t\t<select name=\"search_sort\" class=\"job-manager-filter\" autocomplete=\"off\">\n\t\t\t\t\t<option value=\"\" selected=\"selected\">Sort by<\/option>\n\t\t\t\t\t\t\t\t\t\t\t<option value=\"date-desc\">Newest<\/option>\n\t\t\t\t\t\t\t\t\t\t\t<option value=\"date-asc\">Oldest<\/option>\n\t\t\t\t\t\t\t\t\t\t\t<option value=\"featured\">Featured<\/option>\n\t\t\t\t\t\t\t\t\t\t\t<option value=\"random\">Random<\/option>\n\t\t\t\t\t\t\t\t\t<\/select>\n\n\t\t\t<\/div><!--\/ .kw-titled-select-->\n\n\t\t\n\t\t\t\t\t<div class=\"kw-listing-layout-controls\">\n\t\t\t\t\t\t<a href=\"javascript:void(0)\" class=\"kw-listing-layout-control kw-active\"\n\t\t\t\t\t\t   data-layout=\"grid\"><i\n\t\t\t\t\t\t\t\tclass=\"fa fa-th\"><\/i><\/a>\n\t\t\t\t\t\t<a href=\"javascript:void(0)\" class=\"kw-listing-layout-control \"\n\t\t\t\t\t\t   data-layout=\"list\"><i class=\"fa fa-list\"><\/i><\/a>\n\t\t\t\t\t<\/div>\n\n\t\t\t\t<\/div><!--\/ .kw-listings-controls-wrap-->\n\n\t\t\t<\/div><!--\/ .kw-job-filters-controls-form-->\n\n\t\t\t\n\t\t\t\n\t\t\t<div class=\"kw-touch-buttons\">\n\n\t\t\t\t<button class=\"kw-button-filter\">\n\t\t\t\t\tFilter\t\t\t\t\t<span>Listings<\/span>\n\t\t\t\t<\/button>\n\n\t\t\t\t<button class=\"kw-button-view kw-button-view-map\">\n\t\t\t\t\t<span>Map View<\/span>\n\t\t\t\t<\/button>\n\n\t\t\t\t<button class=\"kw-button-view kw-button-view-cards\">\n\t\t\t\t\t<span>Cards View <\/span>\n\t\t\t\t<\/button>\n\n\t\t\t<\/div><!--\/ .kw-touch-buttons-->\n\n\t\t<\/form>\n\n\t<\/div>\n\n\t\n\t<noscript>Your browser does not support JavaScript, or it is disabled. JavaScript must be enabled in order to view listings.<\/noscript>\n\n\n\n\n\t<div class=\"kw-finder-listings \">\n\n\t\t\n\t\t<div class=\"kw-breadcrumb-container\">\n\n\t\t\t<div class=\"container\">\n\n\t\t\t\t\n\t\t\t\t\t<ul class=\"kw-breadcrumb\">\n\n\t\t\t\t\t\t<li><a href=\"https:\/\/cittaofficemall.com.br\/site\/resultado\/\">Listings<\/a><\/li>\n\n\t\t\t\t\t\t\n\t\t\t\t\t<\/ul><!--\/ .kw-breadcrumb -->\n\n\t\t\t\t\n\t\t\t<\/div><!--\/ .container -->\n\n\t\t<\/div><!--\/ .kw-breadcrumb-container-->\n\n\t\t\n\t\t<div class=\"kw-controls-form\">\n\n\t\t\t\n\t\t\t<div class=\"kw-controls-holder\">\n\n\t\t\t\t<div class=\"kw-filters-results\"><div class=\"kw-results-count\"><\/div><\/div>\n\n\t\t\t\t<div class=\"kw-controls-wrap\">\n\n\t\t\t\t\t\n\t\t\t\t\t\t<div class=\"kw-layout-controls\">\n\t\t\t\t\t\t\t<a href=\"javascript:void(0)\" data-col=\"kw-cols-1\" class=\"kw-layout-control \"\n\t\t\t\t\t\t\t   data-layout=\"grid\"><i class=\"fa fa-th-list\"><\/i><\/a>\n\t\t\t\t\t\t\t<a href=\"javascript:void(0)\" data-col=\"kw-cols-2\" class=\"kw-layout-control \"\n\t\t\t\t\t\t\t   data-layout=\"list\"><i class=\"fa fa-th-large\"><\/i><\/a>\n\t\t\t\t\t\t\t<a href=\"javascript:void(0)\" data-col=\"kw-cols-3\" class=\"kw-layout-control kw-active\"\n\t\t\t\t\t\t\t   data-layout=\"list\"><i class=\"fa fa-th\"><\/i><\/a>\n\t\t\t\t\t\t<\/div><!--\/ .kw-layout-controls-->\n\n\t\t\t\t\t\n\t\t\t\t<\/div><!--\/ .kw-controls-wrap-->\n\n\t\t\t<\/div>\n\n\t\t<\/div><!--\/ .kw-controls-form-->\n\n\t\t<div class=\"kw-finder-extend\">\n\n\t\t\t<div class=\"job_listings\">\n\n\n\n\n\n\n\t<\/div><svg class=\"kw-loader\" width=\"40px\" height=\"40px\" viewBox=\"0 0 44 44\" xmlns=\"https:\/\/www.w3.org\/2000\/svg\" stroke=\"#70af1a\">\n    <g fill=\"none\" fill-rule=\"evenodd\" stroke-width=\"2\">\n        <circle cx=\"22\" cy=\"22\" r=\"1\">\n            <animate attributeName=\"r\"\n                     begin=\"0s\" dur=\"1.8s\"\n                     values=\"1; 20\"\n                     calcMode=\"spline\"\n                     keyTimes=\"0; 1\"\n                     keySplines=\"0.165, 0.84, 0.44, 1\"\n                     repeatCount=\"indefinite\" \/>\n            <animate attributeName=\"stroke-opacity\"\n                     begin=\"0s\" dur=\"1.8s\"\n                     values=\"1; 0\"\n                     calcMode=\"spline\"\n                     keyTimes=\"0; 1\"\n                     keySplines=\"0.3, 0.61, 0.355, 1\"\n                     repeatCount=\"indefinite\" \/>\n        <\/circle>\n        <circle cx=\"22\" cy=\"22\" r=\"1\">\n            <animate attributeName=\"r\"\n                     begin=\"-0.9s\" dur=\"1.8s\"\n                     values=\"1; 20\"\n                     calcMode=\"spline\"\n                     keyTimes=\"0; 1\"\n                     keySplines=\"0.165, 0.84, 0.44, 1\"\n                     repeatCount=\"indefinite\" \/>\n            <animate attributeName=\"stroke-opacity\"\n                     begin=\"-0.9s\" dur=\"1.8s\"\n                     values=\"1; 0\"\n                     calcMode=\"spline\"\n                     keyTimes=\"0; 1\"\n                     keySplines=\"0.3, 0.61, 0.355, 1\"\n                     repeatCount=\"indefinite\" \/>\n        <\/circle>\n    <\/g>\n<\/svg>\n\t<a class=\"load_more_jobs\" href=\"#\" style=\"display:none;\"><strong>Mostrar mais<\/strong><\/a>\n\t<\/div><\/div>\n\n<a class=\"load_more_jobs\" href=\"#\" style=\"display:none;\"><strong>Carregar mais an\u00fancios<\/strong><\/a><\/div><\/div>[\/vc_column_text][\/vc_column][vc_column width=&#8221;1\/6&#8243;][\/vc_column][\/vc_row]<\/p>\n<\/div>","protected":false},"excerpt":{"rendered":"<p>[vc_row full_width=&#8221;stretch_row_content&#8221; css=&#8221;.vc_custom_1560182147471{background-color: #ebe3dd !important;}&#8221;][vc_column width=&#8221;1\/6&#8243;][\/vc_column][vc_column width=&#8221;2\/3&#8243;][vc_column_text][\/vc_column_text][\/vc_column][vc_column width=&#8221;1\/6&#8243;][\/vc_column][\/vc_row]<\/p>\n","protected":false},"author":1,"featured_media":0,"parent":0,"menu_order":0,"comment_status":"closed","ping_status":"closed","template":"","meta":{"footnotes":""},"class_list":["post-1789","page","type-page","status-publish","hentry"],"_links":{"self":[{"href":"https:\/\/cittaofficemall.com.br\/site\/wp-json\/wp\/v2\/pages\/1789","targetHints":{"allow":["GET"]}}],"collection":[{"href":"https:\/\/cittaofficemall.com.br\/site\/wp-json\/wp\/v2\/pages"}],"about":[{"href":"https:\/\/cittaofficemall.com.br\/site\/wp-json\/wp\/v2\/types\/page"}],"author":[{"embeddable":true,"href":"https:\/\/cittaofficemall.com.br\/site\/wp-json\/wp\/v2\/users\/1"}],"replies":[{"embeddable":true,"href":"https:\/\/cittaofficemall.com.br\/site\/wp-json\/wp\/v2\/comments?post=1789"}],"version-history":[{"count":21,"href":"https:\/\/cittaofficemall.com.br\/site\/wp-json\/wp\/v2\/pages\/1789\/revisions"}],"predecessor-version":[{"id":7413,"href":"https:\/\/cittaofficemall.com.br\/site\/wp-json\/wp\/v2\/pages\/1789\/revisions\/7413"}],"wp:attachment":[{"href":"https:\/\/cittaofficemall.com.br\/site\/wp-json\/wp\/v2\/media?parent=1789"}],"curies":[{"name":"wp","href":"https:\/\/api.w.org\/{rel}","templated":true}]}}